{"id":5,"date":"2009-10-26T15:53:01","date_gmt":"2009-10-26T13:53:01","guid":{"rendered":"http:\/\/www.masszazs-tanfolyam.hu\/blog\/?page_id=5"},"modified":"2009-10-26T15:53:01","modified_gmt":"2009-10-26T13:53:01","slug":"oldalterkep","status":"publish","type":"page","link":"https:\/\/www.masszazs-tanfolyam.hu\/blog\/oldalterkep","title":{"rendered":"Oldalt\u00e9rk\u00e9p"},"content":{"rendered":"<ul id=\"sitemap_list\" class=\"sitemap_disp_level_0\">\n<li class=\"home-item\"><a href=\"https:\/\/www.masszazs-tanfolyam.hu\/blog\" title=\"Massz\u00e1zs Blog\">Massz\u00e1zs Blog<\/a><\/li>\n<li class=\"cat-item cat-item-9\"><a href=\"https:\/\/www.masszazs-tanfolyam.hu\/blog\/kategoria\/cellulit-masszazs\" title=\"cellulit massz\u00e1zs\">cellulit massz\u00e1zs<\/a>\n<ul>\n\t<li class=\"post-item post-item-283\"><a href=\"https:\/\/www.masszazs-tanfolyam.hu\/blog\/diamond-cosmetics-masszazsolaj-a-professzionalis-borapolas-uj-generacioja.html\" title=\"Diamond Cosmetics Massz\u00e1zsolaj \u2013 A professzion\u00e1lis b\u0151r\u00e1pol\u00e1s \u00faj gener\u00e1ci\u00f3ja\">Diamond Cosmetics Massz\u00e1zsolaj \u2013 A professzion\u00e1lis b\u0151r\u00e1pol\u00e1s \u00faj gener\u00e1ci\u00f3ja<\/a><\/li>\n\t<li class=\"post-item post-item-213\"><a href=\"https:\/\/www.masszazs-tanfolyam.hu\/blog\/alakformalo-masszazs.html\" title=\"Alakform\u00e1l\u00f3 Massz\u00e1zs\">Alakform\u00e1l\u00f3 Massz\u00e1zs<\/a><\/li>\n\t<li class=\"post-item post-item-21\"><a href=\"https:\/\/www.masszazs-tanfolyam.hu\/blog\/cellulitisz-eltuntetese-avagy-hatasos-e-a-cellulit-masszazs.html\" title=\"Cellulitisz Elt\u00fcntet\u00e9se, avagy Hat\u00e1sos-e a Cellulit Massz\u00e1zs ?\">Cellulitisz Elt\u00fcntet\u00e9se, avagy Hat\u00e1sos-e a Cellulit Massz\u00e1zs ?<\/a><\/li>\n<\/ul>\n<\/li>\n<li class=\"cat-item cat-item-3\"><a href=\"https:\/\/www.masszazs-tanfolyam.hu\/blog\/kategoria\/egeszseg\" title=\"eg\u00e9szs\u00e9g\">eg\u00e9szs\u00e9g<\/a>\n<ul>\n\t<li class=\"post-item post-item-283\"><a href=\"https:\/\/www.masszazs-tanfolyam.hu\/blog\/diamond-cosmetics-masszazsolaj-a-professzionalis-borapolas-uj-generacioja.html\" title=\"Diamond Cosmetics Massz\u00e1zsolaj \u2013 A professzion\u00e1lis b\u0151r\u00e1pol\u00e1s \u00faj gener\u00e1ci\u00f3ja\">Diamond Cosmetics Massz\u00e1zsolaj \u2013 A professzion\u00e1lis b\u0151r\u00e1pol\u00e1s \u00faj gener\u00e1ci\u00f3ja<\/a><\/li>\n\t<li class=\"post-item post-item-161\"><a href=\"https:\/\/www.masszazs-tanfolyam.hu\/blog\/masszazzsal-a-betegsegek-ellen.html\" title=\"Massz\u00e1zzsal a Betegs\u00e9gek Ellen\">Massz\u00e1zzsal a Betegs\u00e9gek Ellen<\/a><\/li>\n\t<li class=\"post-item post-item-85\"><a href=\"https:\/\/www.masszazs-tanfolyam.hu\/blog\/kinek-ajanlott-a-gyogymasszor-kepzes.html\" title=\"Kinek Aj\u00e1nlott a Gy\u00f3gymassz\u0151r K\u00e9pz\u00e9s?\">Kinek Aj\u00e1nlott a Gy\u00f3gymassz\u0151r K\u00e9pz\u00e9s?<\/a><\/li>\n\t<li class=\"post-item post-item-7\"><a href=\"https:\/\/www.masszazs-tanfolyam.hu\/blog\/5-tipp-az-oszi-depresszio-ellen.html\" title=\"5 Tipp az \u0150szi Depresszi\u00f3 Ellen!\">5 Tipp az \u0150szi Depresszi\u00f3 Ellen!<\/a><\/li>\n<\/ul>\n<\/li>\n<li class=\"cat-item cat-item-39\"><a href=\"https:\/\/www.masszazs-tanfolyam.hu\/blog\/kategoria\/egyeb\" title=\"egy\u00e9b\">egy\u00e9b<\/a>\n<ul>\n\t<li class=\"post-item post-item-206\"><a href=\"https:\/\/www.masszazs-tanfolyam.hu\/blog\/mit-jelent-az-erintes.html\" title=\"Mit Jelent az \u00c9rint\u00e9s?\">Mit Jelent az \u00c9rint\u00e9s?<\/a><\/li>\n\t<li class=\"post-item post-item-128\"><a href=\"https:\/\/www.masszazs-tanfolyam.hu\/blog\/a-10-legjobb-masszazstechnika.html\" title=\"A 10 Legjobb Massz\u00e1zstechnika\">A 10 Legjobb Massz\u00e1zstechnika<\/a><\/li>\n<\/ul>\n<\/li>\n<li class=\"cat-item cat-item-33\"><a href=\"https:\/\/www.masszazs-tanfolyam.hu\/blog\/kategoria\/gyogymasszazs\" title=\"gy\u00f3gymassz\u00e1zs\">gy\u00f3gymassz\u00e1zs<\/a>\n<ul>\n\t<li class=\"post-item post-item-283\"><a href=\"https:\/\/www.masszazs-tanfolyam.hu\/blog\/diamond-cosmetics-masszazsolaj-a-professzionalis-borapolas-uj-generacioja.html\" title=\"Diamond Cosmetics Massz\u00e1zsolaj \u2013 A professzion\u00e1lis b\u0151r\u00e1pol\u00e1s \u00faj gener\u00e1ci\u00f3ja\">Diamond Cosmetics Massz\u00e1zsolaj \u2013 A professzion\u00e1lis b\u0151r\u00e1pol\u00e1s \u00faj gener\u00e1ci\u00f3ja<\/a><\/li>\n\t<li class=\"post-item post-item-85\"><a href=\"https:\/\/www.masszazs-tanfolyam.hu\/blog\/kinek-ajanlott-a-gyogymasszor-kepzes.html\" title=\"Kinek Aj\u00e1nlott a Gy\u00f3gymassz\u0151r K\u00e9pz\u00e9s?\">Kinek Aj\u00e1nlott a Gy\u00f3gymassz\u0151r K\u00e9pz\u00e9s?<\/a><\/li>\n<\/ul>\n<\/li>\n<li class=\"cat-item cat-item-35\"><a href=\"https:\/\/www.masszazs-tanfolyam.hu\/blog\/kategoria\/indiai-masszazs\" title=\"indiai massz\u00e1zs\">indiai massz\u00e1zs<\/a>\n<ul>\n\t<li class=\"post-item post-item-114\"><a href=\"https:\/\/www.masszazs-tanfolyam.hu\/blog\/ajurvedikus-abhyanga-masszazs-indiabol.html\" title=\"\u00c1jurv\u00e9dikus (Abhyanga) Massz\u00e1zs Indi\u00e1b\u00f3l\">\u00c1jurv\u00e9dikus (Abhyanga) Massz\u00e1zs Indi\u00e1b\u00f3l<\/a><\/li>\n<\/ul>\n<\/li>\n<li class=\"cat-item cat-item-59\"><a href=\"https:\/\/www.masszazs-tanfolyam.hu\/blog\/kategoria\/kismama-masszazs\" title=\"kismama massz\u00e1zs\">kismama massz\u00e1zs<\/a>\n<ul>\n\t<li class=\"post-item post-item-191\"><a href=\"https:\/\/www.masszazs-tanfolyam.hu\/blog\/masszazs-pocakkal-kismama-masszazs.html\" title=\"Massz\u00e1zs Pocakkal - Kismama Massz\u00e1zs\">Massz\u00e1zs Pocakkal - Kismama Massz\u00e1zs<\/a><\/li>\n<\/ul>\n<\/li>\n<li class=\"cat-item cat-item-60\"><a href=\"https:\/\/www.masszazs-tanfolyam.hu\/blog\/kategoria\/lomi-lomi-masszazs\" title=\"lomi-lomi massz\u00e1zs\">lomi-lomi massz\u00e1zs<\/a>\n<ul>\n\t<li class=\"post-item post-item-194\"><a href=\"https:\/\/www.masszazs-tanfolyam.hu\/blog\/lomi-lomi-a-hawaii-masszazstechnika.html\" title=\"Lomi-Lomi a Hawaii Massz\u00e1zstechnika\">Lomi-Lomi a Hawaii Massz\u00e1zstechnika<\/a><\/li>\n<\/ul>\n<\/li>\n<li class=\"cat-item cat-item-23\"><a href=\"https:\/\/www.masszazs-tanfolyam.hu\/blog\/kategoria\/mauri-masszazs\" title=\"mauri massz\u00e1zs\">mauri massz\u00e1zs<\/a>\n<ul>\n\t<li class=\"post-item post-item-45\"><a href=\"https:\/\/www.masszazs-tanfolyam.hu\/blog\/az-osi-polinez-mauri-masszazsrol.html\" title=\"Az \u0150si Polin\u00e9z Mauri Massz\u00e1zsr\u00f3l\">Az \u0150si Polin\u00e9z Mauri Massz\u00e1zsr\u00f3l<\/a><\/li>\n<\/ul>\n<\/li>\n<li class=\"cat-item cat-item-31\"><a href=\"https:\/\/www.masszazs-tanfolyam.hu\/blog\/kategoria\/otthoni-masszazs\" title=\"otthoni massz\u00e1zs\">otthoni massz\u00e1zs<\/a>\n<ul>\n\t<li class=\"post-item post-item-283\"><a href=\"https:\/\/www.masszazs-tanfolyam.hu\/blog\/diamond-cosmetics-masszazsolaj-a-professzionalis-borapolas-uj-generacioja.html\" title=\"Diamond Cosmetics Massz\u00e1zsolaj \u2013 A professzion\u00e1lis b\u0151r\u00e1pol\u00e1s \u00faj gener\u00e1ci\u00f3ja\">Diamond Cosmetics Massz\u00e1zsolaj \u2013 A professzion\u00e1lis b\u0151r\u00e1pol\u00e1s \u00faj gener\u00e1ci\u00f3ja<\/a><\/li>\n\t<li class=\"post-item post-item-79\"><a href=\"https:\/\/www.masszazs-tanfolyam.hu\/blog\/tippek-az-otthoni-masszazshoz-avagy-hogyan-valasszunk-zenet.html\" title=\"Tippek az Otthoni Massz\u00e1zshoz, Avagy Hogyan V\u00e1lasszunk Zen\u00e9t\">Tippek az Otthoni Massz\u00e1zshoz, Avagy Hogyan V\u00e1lasszunk Zen\u00e9t<\/a><\/li>\n<\/ul>\n<\/li>\n<li class=\"cat-item cat-item-53\"><a href=\"https:\/\/www.masszazs-tanfolyam.hu\/blog\/kategoria\/somasszazs\" title=\"s\u00f3massz\u00e1zs\">s\u00f3massz\u00e1zs<\/a>\n<ul>\n\t<li class=\"post-item post-item-283\"><a href=\"https:\/\/www.masszazs-tanfolyam.hu\/blog\/diamond-cosmetics-masszazsolaj-a-professzionalis-borapolas-uj-generacioja.html\" title=\"Diamond Cosmetics Massz\u00e1zsolaj \u2013 A professzion\u00e1lis b\u0151r\u00e1pol\u00e1s \u00faj gener\u00e1ci\u00f3ja\">Diamond Cosmetics Massz\u00e1zsolaj \u2013 A professzion\u00e1lis b\u0151r\u00e1pol\u00e1s \u00faj gener\u00e1ci\u00f3ja<\/a><\/li>\n\t<li class=\"post-item post-item-171\"><a href=\"https:\/\/www.masszazs-tanfolyam.hu\/blog\/somasszazs-borradir-es-meregtelenites-egy-kezelesben.html\" title=\"S\u00f3massz\u00e1zs - B\u0151rrad\u00edr \u00e9s M\u00e9regtelen\u00edt\u00e9s Egy Kezel\u00e9sben\">S\u00f3massz\u00e1zs - B\u0151rrad\u00edr \u00e9s M\u00e9regtelen\u00edt\u00e9s Egy Kezel\u00e9sben<\/a><\/li>\n<\/ul>\n<\/li>\n<li class=\"cat-item cat-item-27\"><a href=\"https:\/\/www.masszazs-tanfolyam.hu\/blog\/kategoria\/ujdonsagok\" title=\"\u00dajdons\u00e1gok\">\u00dajdons\u00e1gok<\/a>\n<ul>\n\t<li class=\"post-item post-item-283\"><a href=\"https:\/\/www.masszazs-tanfolyam.hu\/blog\/diamond-cosmetics-masszazsolaj-a-professzionalis-borapolas-uj-generacioja.html\" title=\"Diamond Cosmetics Massz\u00e1zsolaj \u2013 A professzion\u00e1lis b\u0151r\u00e1pol\u00e1s \u00faj gener\u00e1ci\u00f3ja\">Diamond Cosmetics Massz\u00e1zsolaj \u2013 A professzion\u00e1lis b\u0151r\u00e1pol\u00e1s \u00faj gener\u00e1ci\u00f3ja<\/a><\/li>\n\t<li class=\"post-item post-item-62\"><a href=\"https:\/\/www.masszazs-tanfolyam.hu\/blog\/ujdonsagok.html\" title=\"\u00dajdons\u00e1gok a Masszazs-Tanfolyam.hu Oldal\u00e1n\">\u00dajdons\u00e1gok a Masszazs-Tanfolyam.hu Oldal\u00e1n<\/a><\/li>\n<\/ul>\n<\/li>\n<li class=\"cat-item cat-item-42\"><a href=\"https:\/\/www.masszazs-tanfolyam.hu\/blog\/kategoria\/vallalkozas\" title=\"v\u00e1llalkoz\u00e1s\">v\u00e1llalkoz\u00e1s<\/a>\n<ul>\n\t<li class=\"post-item post-item-201\"><a href=\"https:\/\/www.masszazs-tanfolyam.hu\/blog\/hogyan-rendezd-be-masszazs-szalonodat.html\" title=\"Hogyan Rendezd Be Massz\u00e1zs Szalonodat?\">Hogyan Rendezd Be Massz\u00e1zs Szalonodat?<\/a><\/li>\n\t<li class=\"post-item post-item-140\"><a href=\"https:\/\/www.masszazs-tanfolyam.hu\/blog\/ugyfelkezeles-3-legy-profi-masszor-figyelj-a-reszletekre.html\" title=\"\u00dcgyf\u00e9lkezel\u00e9s 3. - L\u00e9gy Profi Massz\u0151r! Figyelj a R\u00e9szletekre! -\">\u00dcgyf\u00e9lkezel\u00e9s 3. - L\u00e9gy Profi Massz\u0151r! Figyelj a R\u00e9szletekre! -<\/a><\/li>\n\t<li class=\"post-item post-item-136\"><a href=\"https:\/\/www.masszazs-tanfolyam.hu\/blog\/ugyfelkezeles-2-hogyan-legyunk-a-legjobb-masszorok.html\" title=\"\u00dcgyf\u00e9lkezel\u00e9s 2. - Hogyan Legy\u00fcnk a Legjobb Massz\u0151r\u00f6k? -\">\u00dcgyf\u00e9lkezel\u00e9s 2. - Hogyan Legy\u00fcnk a Legjobb Massz\u0151r\u00f6k? -<\/a><\/li>\n\t<li class=\"post-item post-item-133\"><a href=\"https:\/\/www.masszazs-tanfolyam.hu\/blog\/ugyfelkezeles-1-hogyan-tartsuk-meg-vendegeinket.html\" title=\"\u00dcgyf\u00e9lkezel\u00e9s 1.- Hogyan Tartsuk Meg Vend\u00e9geinket?\">\u00dcgyf\u00e9lkezel\u00e9s 1.- Hogyan Tartsuk Meg Vend\u00e9geinket?<\/a><\/li>\n<\/ul>\n<\/li>\n<li class=\"cat-item cat-item-56\"><a href=\"https:\/\/www.masszazs-tanfolyam.hu\/blog\/kategoria\/vizimasszazs\" title=\"vizimassz\u00e1zs\">vizimassz\u00e1zs<\/a>\n<ul>\n\t<li class=\"post-item post-item-185\"><a href=\"https:\/\/www.masszazs-tanfolyam.hu\/blog\/watsu-avagy-vizimasszazs-a-lebegteto-pihenes.html\" title=\"Watsu avagy Vizimassz\u00e1zs - A Lebegtet\u0151 Pihen\u00e9s\">Watsu avagy Vizimassz\u00e1zs - A Lebegtet\u0151 Pihen\u00e9s<\/a><\/li>\n<\/ul>\n<\/li>\n<li class=\"cat-item cat-item-30\"><a href=\"https:\/\/www.masszazs-tanfolyam.hu\/blog\/kategoria\/zenes-masszazs\" title=\"zen\u00e9s massz\u00e1zs\">zen\u00e9s massz\u00e1zs<\/a>\n<ul>\n\t<li class=\"post-item post-item-79\"><a href=\"https:\/\/www.masszazs-tanfolyam.hu\/blog\/tippek-az-otthoni-masszazshoz-avagy-hogyan-valasszunk-zenet.html\" title=\"Tippek az Otthoni Massz\u00e1zshoz, Avagy Hogyan V\u00e1lasszunk Zen\u00e9t\">Tippek az Otthoni Massz\u00e1zshoz, Avagy Hogyan V\u00e1lasszunk Zen\u00e9t<\/a><\/li>\n<\/ul>\n<\/li>\n<li class=\"page_item page-item-265\"><a href=\"https:\/\/www.masszazs-tanfolyam.hu\/blog\/adatkezelesi-tajekoztato\">Adatkezel\u00e9si t\u00e1j\u00e9koztat\u00f3<\/a><\/li>\n<li class=\"page_item page-item-2\"><a href=\"https:\/\/www.masszazs-tanfolyam.hu\/blog\/magunkrol\">Magunkr\u00f3l<\/a><\/li>\n<li class=\"page_item page-item-5\"><a href=\"https:\/\/www.masszazs-tanfolyam.hu\/blog\/oldalterkep\">Oldalt\u00e9rk\u00e9p<\/a><\/li>\n<li class=\"page_item page-item-180\"><a href=\"https:\/\/www.masszazs-tanfolyam.hu\/blog\/partner-oldalak\">Partner oldalak<\/a><\/li>\n<li class=\"page_item page-item-259\"><a href=\"https:\/\/www.masszazs-tanfolyam.hu\/blog\/sutikezeles-szabalyzat\">S\u00fctikezel\u00e9sr\u0151l<\/a><\/li>\n<\/ul>\n\n","protected":false},"excerpt":{"rendered":"<p class=\"mb-2\">Massz\u00e1zs Blog cellulit massz\u00e1zs Diamond Cosmetics Massz\u00e1zsolaj \u2013 A professzion\u00e1lis b\u0151r\u00e1pol\u00e1s \u00faj gener\u00e1ci\u00f3ja Alakform\u00e1l\u00f3 Massz\u00e1zs Cellulitisz Elt\u00fcntet\u00e9se, avagy Hat\u00e1sos-e a Cellulit Massz\u00e1zs ? eg\u00e9szs\u00e9g Diamond Cosmetics Massz\u00e1zsolaj \u2013 A professzion\u00e1lis b\u0151r\u00e1pol\u00e1s \u00faj gener\u00e1ci\u00f3ja Massz\u00e1zzsal a Betegs\u00e9gek Ellen Kinek Aj\u00e1nlott a Gy\u00f3gymassz\u0151r K\u00e9pz\u00e9s? 5 Tipp az \u0150szi Depresszi\u00f3 Ellen! egy\u00e9b Mit Jelent az \u00c9rint\u00e9s? A 10 [&hellip;]<\/p>\n","protected":false},"author":1,"featured_media":0,"parent":0,"menu_order":0,"comment_status":"open","ping_status":"open","template":"","meta":{"footnotes":""},"class_list":["post-5","page","type-page","status-publish","hentry"],"_links":{"self":[{"href":"https:\/\/www.masszazs-tanfolyam.hu\/blog\/wp-json\/wp\/v2\/pages\/5","targetHints":{"allow":["GET"]}}],"collection":[{"href":"https:\/\/www.masszazs-tanfolyam.hu\/blog\/wp-json\/wp\/v2\/pages"}],"about":[{"href":"https:\/\/www.masszazs-tanfolyam.hu\/blog\/wp-json\/wp\/v2\/types\/page"}],"author":[{"embeddable":true,"href":"https:\/\/www.masszazs-tanfolyam.hu\/blog\/wp-json\/wp\/v2\/users\/1"}],"replies":[{"embeddable":true,"href":"https:\/\/www.masszazs-tanfolyam.hu\/blog\/wp-json\/wp\/v2\/comments?post=5"}],"version-history":[{"count":1,"href":"https:\/\/www.masszazs-tanfolyam.hu\/blog\/wp-json\/wp\/v2\/pages\/5\/revisions"}],"predecessor-version":[{"id":6,"href":"https:\/\/www.masszazs-tanfolyam.hu\/blog\/wp-json\/wp\/v2\/pages\/5\/revisions\/6"}],"wp:attachment":[{"href":"https:\/\/www.masszazs-tanfolyam.hu\/blog\/wp-json\/wp\/v2\/media?parent=5"}],"curies":[{"name":"wp","href":"https:\/\/api.w.org\/{rel}","templated":true}]}}