{"id":259,"date":"2025-05-29T11:23:23","date_gmt":"2025-05-29T09:23:23","guid":{"rendered":"https:\/\/www.masszazs-tanfolyam.hu\/blog\/?page_id=259"},"modified":"2025-05-29T11:31:10","modified_gmt":"2025-05-29T09:31:10","slug":"sutikezeles-szabalyzat","status":"publish","type":"page","link":"https:\/\/www.masszazs-tanfolyam.hu\/blog\/sutikezeles-szabalyzat","title":{"rendered":"S\u00fctikezel\u00e9sr\u0151l"},"content":{"rendered":"<div class=\"cli_pg_page_container\">\n<h3>A cookie szab\u00e1lyzatr\u00f3l<\/h3>\n<div>Ez a cookie szab\u00e1lyzat elmagyar\u00e1zza, mi a s\u00fcti \u00e9s hogyan haszn\u00e1ljuk \u0151ket, a s\u00fctik t\u00edpusait, azaz a s\u00fctik seg\u00edts\u00e9g\u00e9vel gy\u0171jt\u00f6tt inform\u00e1ci\u00f3kat \u00e9s azok felhaszn\u00e1l\u00e1s\u00e1nak m\u00f3dj\u00e1t, valamint hogyan ellen\u0151rizheted a cookie-be\u00e1ll\u00edt\u00e1sokat. Tov\u00e1bbi inform\u00e1ci\u00f3\u00e9rt arr\u00f3l, hogyan haszn\u00e1ljuk, t\u00e1roljuk \u00e9s biztos\u00edtjuk a szem\u00e9lyes adataid v\u00e9delm\u00e9t, k\u00e9rj\u00fck, tekintsd meg Adatv\u00e9delmi Szab\u00e1lyzatunkat. B\u00e1rmikor m\u00f3dos\u00edthatod vagy visszavonhatod hozz\u00e1j\u00e1rul\u00e1sodat a weboldalunk cookie nyilatkozat\u00e1ban. Tudd meg, hogy kik vagyunk, hogyan l\u00e9phetsz kapcsolatba vel\u00fcnk, \u00e9s hogyan dolgozzuk fel a szem\u00e9lyes adatokat Adatv\u00e9delmi Szab\u00e1lyzatunkban. A hozz\u00e1j\u00e1rul\u00e1sod a k\u00f6vetkez\u0151 domainekre vonatkozik: www.masszazs-tanfolyam.hu<\/div>\n<h3><\/h3>\n<h3>Mi azok a s\u00fctik?<\/h3>\n<div>A s\u00fctik kis sz\u00f6vegf\u00e1jlok, amelyeket kis inform\u00e1ci\u00f3morzs\u00e1k t\u00e1rol\u00e1s\u00e1ra haszn\u00e1lnak. Ezek a s\u00fctik akkor ker\u00fclnek t\u00e1rol\u00e1sra az eszk\u00f6z\u00f6d\u00f6n, amikor a weboldalt bet\u00f6lt\u00f6d a b\u00f6ng\u00e9sz\u0151dben. A s\u00fctik seg\u00edtenek abban, hogy a weboldal megfelel\u0151en m\u0171k\u00f6dj\u00f6n, biztons\u00e1gosabb\u00e1 v\u00e1ljon, jobb felhaszn\u00e1l\u00f3i \u00e9lm\u00e9nyt ny\u00fajtson, valamint meg\u00e9rts\u00fck, hogyan teljes\u00edt a weboldal \u00e9s elemezz\u00fck, mi m\u0171k\u00f6dik j\u00f3l, \u00e9s hol van sz\u00fcks\u00e9g fejleszt\u00e9sre.<\/div>\n<h3><\/h3>\n<h3>Hogyan haszn\u00e1ljuk a s\u00fctiket?<\/h3>\n<div>Mint a legt\u00f6bb online szolg\u00e1ltat\u00e1s, weboldalunk is els\u0151 f\u00e9lt\u0151l sz\u00e1rmaz\u00f3 \u00e9s harmadik f\u00e9lt\u0151l sz\u00e1rmaz\u00f3 s\u00fctiket haszn\u00e1l k\u00fcl\u00f6nb\u00f6z\u0151 c\u00e9lokra. Az els\u0151 f\u00e9lt\u0151l sz\u00e1rmaz\u00f3 s\u00fctik els\u0151sorban a weboldal megfelel\u0151 m\u0171k\u00f6d\u00e9s\u00e9hez sz\u00fcks\u00e9gesek, \u00e9s nem gy\u0171jtenek szem\u00e9lyes azonos\u00edt\u00e1sra alkalmas adatokat.A weboldalunkon haszn\u00e1lt harmadik f\u00e9lt\u0151l sz\u00e1rmaz\u00f3 s\u00fctik f\u0151k\u00e9nt annak meg\u00e9rt\u00e9s\u00e9re szolg\u00e1lnak, hogyan teljes\u00edt a weboldal, hogyan l\u00e9psz interakci\u00f3ba a weboldalunkkal, biztos\u00edtj\u00e1k szolg\u00e1ltat\u00e1saink biztons\u00e1g\u00e1t, relev\u00e1ns hirdet\u00e9seket jelen\u00edtenek meg sz\u00e1modra, \u00e9s \u00f6sszess\u00e9g\u00e9ben jobb \u00e9s fejlettebb felhaszn\u00e1l\u00f3i \u00e9lm\u00e9nyt ny\u00fajtanak, valamint seg\u00edtenek felgyors\u00edtani a j\u00f6v\u0151beli interakci\u00f3idat weboldalunkkal.<\/div>\n<h3><\/h3>\n<h3>Milyen t\u00edpus\u00fa s\u00fctiket haszn\u00e1lunk?<\/h3>\n<div><strong>Sz\u00fcks\u00e9ges:<\/strong> Egyes s\u00fctik elengedhetetlenek ahhoz, hogy teljes m\u00e9rt\u00e9kben kihaszn\u00e1lhasd weboldalunk funkcionalit\u00e1s\u00e1t. Ezek lehet\u0151v\u00e9 teszik sz\u00e1munkra, hogy fenntartsuk a felhaszn\u00e1l\u00f3i munkameneteket \u00e9s megakad\u00e1lyozzuk a biztons\u00e1gi fenyeget\u00e9seket. Nem gy\u0171jtenek vagy t\u00e1rolnak szem\u00e9lyes adatokat. P\u00e9ld\u00e1ul ezek a s\u00fctik lehet\u0151v\u00e9 teszik, hogy bejelentkezz a fi\u00f3kodra, term\u00e9keket tegy\u00e9l a kosaradba \u00e9s biztons\u00e1gosan v\u00e9gezd el a v\u00e1s\u00e1rl\u00e1st.<\/div>\n<div><\/div>\n<div><strong>Statisztikai:<\/strong> Ezek a s\u00fctik inform\u00e1ci\u00f3kat t\u00e1rolnak, mint p\u00e9ld\u00e1ul a weboldal l\u00e1togat\u00f3inak sz\u00e1ma, az egyedi l\u00e1togat\u00f3k sz\u00e1ma, a megl\u00e1togatott oldalak, a l\u00e1togat\u00e1s forr\u00e1sa, stb. Ezek az adatok seg\u00edtenek meg\u00e9rteni \u00e9s elemezni, hogy hogyan teljes\u00edt a weboldal \u00e9s hol van sz\u00fcks\u00e9g fejleszt\u00e9sre.<\/div>\n<div><\/div>\n<div><strong>Marketing:<\/strong> Weboldalunk hirdet\u00e9seket jelen\u00edt meg. Ezeket a s\u00fctiket a hirdet\u00e9sek szem\u00e9lyre szab\u00e1s\u00e1ra haszn\u00e1ljuk, hogy azok \u00e9rtelmesek legyenek sz\u00e1modra. E s\u00fctik seg\u00edtenek nyomon k\u00f6vetni a hirdet\u00e9si kamp\u00e1nyok hat\u00e9konys\u00e1g\u00e1t is. Az ezekben a s\u00fctikben t\u00e1rolt inform\u00e1ci\u00f3kat harmadik f\u00e9l hirdet\u00e9si szolg\u00e1ltat\u00f3i is felhaszn\u00e1lhatj\u00e1k arra, hogy hirdet\u00e9seket jelen\u00edtsenek meg m\u00e1s weboldalakon, ugyanabban a b\u00f6ng\u00e9sz\u0151ben.<\/div>\n<div><\/div>\n<div><strong>Funkcion\u00e1lis:<\/strong> Ezek a s\u00fctik seg\u00edtenek az olyan nem alapvet\u0151 funkci\u00f3k m\u0171k\u00f6d\u00e9s\u00e9ben, amelyek a weboldalon tal\u00e1lhat\u00f3ak. Ilyen funkci\u00f3k p\u00e9ld\u00e1ul a vide\u00f3k be\u00e1gyaz\u00e1sa vagy a weboldal tartalm\u00e1nak megoszt\u00e1sa k\u00f6z\u00f6ss\u00e9gi m\u00e9dia platformokon.<\/div>\n<div><\/div>\n<div><strong>Preferenci\u00e1k:<\/strong> Ezek a s\u00fctik seg\u00edtenek megjegyezni a be\u00e1ll\u00edt\u00e1saidat \u00e9s b\u00f6ng\u00e9sz\u00e9si preferenci\u00e1idat, mint p\u00e9ld\u00e1ul a nyelvi be\u00e1ll\u00edt\u00e1sokat, hogy jobb \u00e9s hat\u00e9konyabb \u00e9lm\u00e9nyt ny\u00fajtsanak a j\u00f6v\u0151beli l\u00e1togat\u00e1sok sor\u00e1n.<\/div>\n<h3><\/h3>\n<h3>Hogyan szab\u00e1lyozhatom a s\u00fctik be\u00e1ll\u00edt\u00e1sait?<\/h3>\n<div>Ha k\u00e9s\u0151bb \u00fagy d\u00f6ntesz, hogy m\u00f3dos\u00edtod a be\u00e1ll\u00edt\u00e1saidat a b\u00f6ng\u00e9sz\u00e9si munkamenet sor\u00e1n, r\u00e1kattinthatsz a \u201eHozz\u00e1j\u00e1rul\u00e1s kezel\u00e9se\u201d f\u00fclre a k\u00e9perny\u0151d\u00f6n. Ez \u00fajra megjelen\u00edti a hozz\u00e1j\u00e1rul\u00e1si \u00e9rtes\u00edt\u00e9st, \u00edgy lehet\u0151s\u00e9ged lesz m\u00f3dos\u00edtani a be\u00e1ll\u00edt\u00e1saidat vagy teljesen visszavonni a hozz\u00e1j\u00e1rul\u00e1sodat.Ezen k\u00edv\u00fcl k\u00fcl\u00f6nb\u00f6z\u0151 b\u00f6ng\u00e9sz\u0151k k\u00fcl\u00f6nb\u00f6z\u0151 m\u00f3dszereket k\u00edn\u00e1lnak a weboldalak \u00e1ltal haszn\u00e1lt s\u00fctik blokkol\u00e1s\u00e1ra \u00e9s t\u00f6rl\u00e9s\u00e9re. A b\u00f6ng\u00e9sz\u0151d be\u00e1ll\u00edt\u00e1sait m\u00f3dos\u00edthatod a s\u00fctik blokkol\u00e1s\u00e1ra\/t\u00f6rl\u00e9s\u00e9re. Tov\u00e1bbi inform\u00e1ci\u00f3k\u00e9rt a s\u00fctik kezel\u00e9s\u00e9r\u0151l \u00e9s t\u00f6rl\u00e9s\u00e9r\u0151l l\u00e1togass el a wikipedia.org vagy a www.allaboutcookies.org oldalra.<\/div>\n<\/div>\n","protected":false},"excerpt":{"rendered":"<p class=\"mb-2\">A cookie szab\u00e1lyzatr\u00f3l Ez a cookie szab\u00e1lyzat elmagyar\u00e1zza, mi a s\u00fcti \u00e9s hogyan haszn\u00e1ljuk \u0151ket, a s\u00fctik t\u00edpusait, azaz a s\u00fctik seg\u00edts\u00e9g\u00e9vel gy\u0171jt\u00f6tt inform\u00e1ci\u00f3kat \u00e9s azok felhaszn\u00e1l\u00e1s\u00e1nak m\u00f3dj\u00e1t, valamint hogyan ellen\u0151rizheted a cookie-be\u00e1ll\u00edt\u00e1sokat. Tov\u00e1bbi inform\u00e1ci\u00f3\u00e9rt arr\u00f3l, hogyan haszn\u00e1ljuk, t\u00e1roljuk \u00e9s biztos\u00edtjuk a szem\u00e9lyes adataid v\u00e9delm\u00e9t, k\u00e9rj\u00fck, tekintsd meg Adatv\u00e9delmi Szab\u00e1lyzatunkat. B\u00e1rmikor m\u00f3dos\u00edthatod vagy visszavonhatod hozz\u00e1j\u00e1rul\u00e1sodat [&hellip;]<\/p>\n","protected":false},"author":2,"featured_media":0,"parent":0,"menu_order":0,"comment_status":"closed","ping_status":"closed","template":"","meta":{"footnotes":""},"class_list":["post-259","page","type-page","status-publish","hentry"],"_links":{"self":[{"href":"https:\/\/www.masszazs-tanfolyam.hu\/blog\/wp-json\/wp\/v2\/pages\/259","targetHints":{"allow":["GET"]}}],"collection":[{"href":"https:\/\/www.masszazs-tanfolyam.hu\/blog\/wp-json\/wp\/v2\/pages"}],"about":[{"href":"https:\/\/www.masszazs-tanfolyam.hu\/blog\/wp-json\/wp\/v2\/types\/page"}],"author":[{"embeddable":true,"href":"https:\/\/www.masszazs-tanfolyam.hu\/blog\/wp-json\/wp\/v2\/users\/2"}],"replies":[{"embeddable":true,"href":"https:\/\/www.masszazs-tanfolyam.hu\/blog\/wp-json\/wp\/v2\/comments?post=259"}],"version-history":[{"count":4,"href":"https:\/\/www.masszazs-tanfolyam.hu\/blog\/wp-json\/wp\/v2\/pages\/259\/revisions"}],"predecessor-version":[{"id":264,"href":"https:\/\/www.masszazs-tanfolyam.hu\/blog\/wp-json\/wp\/v2\/pages\/259\/revisions\/264"}],"wp:attachment":[{"href":"https:\/\/www.masszazs-tanfolyam.hu\/blog\/wp-json\/wp\/v2\/media?parent=259"}],"curies":[{"name":"wp","href":"https:\/\/api.w.org\/{rel}","templated":true}]}}