{"id":2,"date":"2009-10-22T14:35:11","date_gmt":"2009-10-22T12:35:11","guid":{"rendered":"http:\/\/www.masszazs-tanfolyam.hu\/blog\/?page_id=2"},"modified":"2009-10-26T15:31:49","modified_gmt":"2009-10-26T13:31:49","slug":"magunkrol","status":"publish","type":"page","link":"https:\/\/www.masszazs-tanfolyam.hu\/blog\/magunkrol","title":{"rendered":"Magunkr\u00f3l"},"content":{"rendered":"<p>Ezt az blog oldalt, az\u00e9rt hoztuk l\u00e9tre, hogy a massz\u00e1zs sz\u00ednes vil\u00e1g\u00e1t megismertess\u00fck\u00a0 mindenkivel. Szeretn\u00e9k bemutatni a k\u00fcl\u00f6nb\u00f6z\u0151 massz\u00e1zs fajt\u00e1kat, massz\u00e1zs technik\u00e1kat \u00e9s megosztani az \u00e1ltalunk az interneten fellelt legjobb \u00e9s leg\u00e9rdekesebb inform\u00e1ci\u00f3kat. B\u00e1r az oldal eredetileg a massz\u00e1zsr\u00f3l sz\u00f3l, az\u00e9rt sz\u00ednes\u00edt\u00e9sk\u00e9nt n\u00e9h\u00e1ny \u00e9rdekes dolgot is megpr\u00f3b\u00e1lunk k\u00f6zz\u00e9tenni.<\/p>\n","protected":false},"excerpt":{"rendered":"<p class=\"mb-2\">Ezt az blog oldalt, az\u00e9rt hoztuk l\u00e9tre, hogy a massz\u00e1zs sz\u00ednes vil\u00e1g\u00e1t megismertess\u00fck\u00a0 mindenkivel. Szeretn\u00e9k bemutatni a k\u00fcl\u00f6nb\u00f6z\u0151 massz\u00e1zs fajt\u00e1kat, massz\u00e1zs technik\u00e1kat \u00e9s megosztani az \u00e1ltalunk az interneten fellelt legjobb \u00e9s leg\u00e9rdekesebb inform\u00e1ci\u00f3kat. B\u00e1r az oldal eredetileg a massz\u00e1zsr\u00f3l sz\u00f3l, az\u00e9rt sz\u00ednes\u00edt\u00e9sk\u00e9nt n\u00e9h\u00e1ny \u00e9rdekes dolgot is megpr\u00f3b\u00e1lunk k\u00f6zz\u00e9tenni.<\/p>\n","protected":false},"author":1,"featured_media":0,"parent":0,"menu_order":0,"comment_status":"open","ping_status":"open","template":"","meta":{"footnotes":""},"class_list":["post-2","page","type-page","status-publish","hentry"],"_links":{"self":[{"href":"https:\/\/www.masszazs-tanfolyam.hu\/blog\/wp-json\/wp\/v2\/pages\/2","targetHints":{"allow":["GET"]}}],"collection":[{"href":"https:\/\/www.masszazs-tanfolyam.hu\/blog\/wp-json\/wp\/v2\/pages"}],"about":[{"href":"https:\/\/www.masszazs-tanfolyam.hu\/blog\/wp-json\/wp\/v2\/types\/page"}],"author":[{"embeddable":true,"href":"https:\/\/www.masszazs-tanfolyam.hu\/blog\/wp-json\/wp\/v2\/users\/1"}],"replies":[{"embeddable":true,"href":"https:\/\/www.masszazs-tanfolyam.hu\/blog\/wp-json\/wp\/v2\/comments?post=2"}],"version-history":[{"count":2,"href":"https:\/\/www.masszazs-tanfolyam.hu\/blog\/wp-json\/wp\/v2\/pages\/2\/revisions"}],"predecessor-version":[{"id":3,"href":"https:\/\/www.masszazs-tanfolyam.hu\/blog\/wp-json\/wp\/v2\/pages\/2\/revisions\/3"}],"wp:attachment":[{"href":"https:\/\/www.masszazs-tanfolyam.hu\/blog\/wp-json\/wp\/v2\/media?parent=2"}],"curies":[{"name":"wp","href":"https:\/\/api.w.org\/{rel}","templated":true}]}}