{"id":180,"date":"2010-11-11T12:41:58","date_gmt":"2010-11-11T10:41:58","guid":{"rendered":"http:\/\/www.masszazs-tanfolyam.hu\/blog\/?page_id=180"},"modified":"2010-11-11T12:41:58","modified_gmt":"2010-11-11T10:41:58","slug":"partner-oldalak","status":"publish","type":"page","link":"https:\/\/www.masszazs-tanfolyam.hu\/blog\/partner-oldalak","title":{"rendered":"Partner oldalak"},"content":{"rendered":"<p>N\u00e9h\u00e1ny partner\u00fcnk, aki vagy elhelyezte a weboldal\u00e1n a mi link\u00fcnket vagy hozz\u00e1j\u00e1rult\u00a0 az oldal fejl\u0151d\u00e9s\u00e9hez.<\/p>\n<p><a title=\"Massz\u00e1zs.wyw.hu\" href=\"http:\/\/masszazs.wyw.hu\" target=\"_blank\"><img loading=\"lazy\" decoding=\"async\" src=\"http:\/\/masszazs.wyw.hu\/banners\/masszazs160x40.jpg\" border=\"0\" alt=\"Massz\u00e1zs.wyw.hu\" width=\"160\" height=\"40\" \/><\/a><\/p>\n","protected":false},"excerpt":{"rendered":"<p class=\"mb-2\">N\u00e9h\u00e1ny partner\u00fcnk, aki vagy elhelyezte a weboldal\u00e1n a mi link\u00fcnket vagy hozz\u00e1j\u00e1rult\u00a0 az oldal fejl\u0151d\u00e9s\u00e9hez.<\/p>\n","protected":false},"author":1,"featured_media":0,"parent":0,"menu_order":0,"comment_status":"open","ping_status":"open","template":"","meta":{"footnotes":""},"class_list":["post-180","page","type-page","status-publish","hentry"],"_links":{"self":[{"href":"https:\/\/www.masszazs-tanfolyam.hu\/blog\/wp-json\/wp\/v2\/pages\/180","targetHints":{"allow":["GET"]}}],"collection":[{"href":"https:\/\/www.masszazs-tanfolyam.hu\/blog\/wp-json\/wp\/v2\/pages"}],"about":[{"href":"https:\/\/www.masszazs-tanfolyam.hu\/blog\/wp-json\/wp\/v2\/types\/page"}],"author":[{"embeddable":true,"href":"https:\/\/www.masszazs-tanfolyam.hu\/blog\/wp-json\/wp\/v2\/users\/1"}],"replies":[{"embeddable":true,"href":"https:\/\/www.masszazs-tanfolyam.hu\/blog\/wp-json\/wp\/v2\/comments?post=180"}],"version-history":[{"count":4,"href":"https:\/\/www.masszazs-tanfolyam.hu\/blog\/wp-json\/wp\/v2\/pages\/180\/revisions"}],"predecessor-version":[{"id":184,"href":"https:\/\/www.masszazs-tanfolyam.hu\/blog\/wp-json\/wp\/v2\/pages\/180\/revisions\/184"}],"wp:attachment":[{"href":"https:\/\/www.masszazs-tanfolyam.hu\/blog\/wp-json\/wp\/v2\/media?parent=180"}],"curies":[{"name":"wp","href":"https:\/\/api.w.org\/{rel}","templated":true}]}}